{"id":2,"date":"2022-11-14T14:44:23","date_gmt":"2022-11-14T13:44:23","guid":{"rendered":"http:\/\/www.rtihon.ovh\/fusion1\/?page_id=2"},"modified":"2022-11-18T08:46:25","modified_gmt":"2022-11-18T07:46:25","slug":"page-d-exemple","status":"publish","type":"page","link":"https:\/\/www.rtihon.ovh\/fusion1\/","title":{"rendered":""},"content":{"rendered":"<ul class=\"wp-block-page-list\"><li class=\"wp-block-pages-list__item has-child menu-item-home\"><a class=\"wp-block-pages-list__item__link\" href=\"https:\/\/www.rtihon.ovh\/fusion1\/\">(pas de titre)<\/a><ul class=\"wp-block-navigation__submenu-container\"><li class=\"wp-block-pages-list__item \"><a class=\"wp-block-pages-list__item__link\" href=\"https:\/\/www.rtihon.ovh\/fusion1\/?page_id=57\">Exemples de comptabilisation de fusions.<\/a><\/li><li class=\"wp-block-pages-list__item \"><a class=\"wp-block-pages-list__item__link\" href=\"https:\/\/www.rtihon.ovh\/fusion1\/?page_id=39\">La fusion absorption (1) aspects comptables<\/a><\/li><li class=\"wp-block-pages-list__item \"><a class=\"wp-block-pages-list__item__link\" href=\"https:\/\/www.rtihon.ovh\/fusion1\/?page_id=47\">La fusion absorption (2) aspects fiscaux<\/a><\/li><li class=\"wp-block-pages-list__item \"><a class=\"wp-block-pages-list__item__link\" href=\"https:\/\/www.rtihon.ovh\/fusion1\/?page_id=104\">Liquidation volontaire d&rsquo;une soci\u00e9t\u00e9<\/a><\/li><li class=\"wp-block-pages-list__item \"><a class=\"wp-block-pages-list__item__link\" href=\"https:\/\/www.rtihon.ovh\/fusion1\/?page_id=94\">R\u00e9viseurs et commissaires<\/a><\/li><li class=\"wp-block-pages-list__item \"><a class=\"wp-block-pages-list__item__link\" href=\"https:\/\/www.rtihon.ovh\/fusion1\/?page_id=51\">Traitement des abandons de cr\u00e9ances<\/a><\/li><li class=\"wp-block-pages-list__item \"><a class=\"wp-block-pages-list__item__link\" href=\"https:\/\/www.rtihon.ovh\/fusion1\/?page_id=24\">Types de fusions<\/a><\/li><\/ul><\/li><li class=\"wp-block-pages-list__item\"><a class=\"wp-block-pages-list__item__link\" href=\"https:\/\/www.rtihon.ovh\/fusion1\/?page_id=147\">Compte 115<\/a><\/li><\/ul>\n\n\n<p><\/p>\n\n\n\n<figure class=\"wp-block-image size-full\"><img loading=\"lazy\" decoding=\"async\" width=\"851\" height=\"315\" src=\"http:\/\/www.rtihon.ovh\/fusion1\/wp-content\/uploads\/2022\/11\/HOT.jpg\" alt=\"\" class=\"wp-image-17\" srcset=\"https:\/\/www.rtihon.ovh\/fusion1\/wp-content\/uploads\/2022\/11\/HOT.jpg 851w, https:\/\/www.rtihon.ovh\/fusion1\/wp-content\/uploads\/2022\/11\/HOT-300x111.jpg 300w, https:\/\/www.rtihon.ovh\/fusion1\/wp-content\/uploads\/2022\/11\/HOT-768x284.jpg 768w\" sizes=\"auto, (max-width: 851px) 100vw, 851px\" \/><\/figure>\n\n\n\n<div class=\"wp-block-group\"><div class=\"wp-block-group__inner-container is-layout-constrained wp-block-group-is-layout-constrained\">\n<p class=\"has-small-font-size\"><strong>Ce site a \u00e9t\u00e9 cr\u00e9\u00e9 pour illustrer les contenus des cours de \u00a0\u00bb fusions \u00a0\u00bb  de The house of training \u00a0\u00bb de Luxembourg.<\/strong> <strong>Les vid\u00e9os, documents, et applications que nous aurons r\u00e9alis\u00e9s, ou consult\u00e9s lors de ces cours appara\u00eetront ici. Une biblioth\u00e8que de liens web &nbsp;et de documents seront \u00e0 votre disposition<a href=\"https:\/\/rtihon.ovh\/ifrs2020\/images\/IMG_20201228_142539.jpg\">&nbsp;.<\/a>Vos suggestions sont les bienvenues !!!<\/strong><\/p>\n<\/div><\/div>\n","protected":false},"excerpt":{"rendered":"<p>Ce site a \u00e9t\u00e9 cr\u00e9\u00e9 pour illustrer les contenus des cours de \u00a0\u00bb fusions \u00a0\u00bb de The house of training \u00a0\u00bb de Luxembourg. Les vid\u00e9os, documents, et applications que nous aurons r\u00e9alis\u00e9s, ou consult\u00e9s lors de ces cours appara\u00eetront ici. Une biblioth\u00e8que de liens web &nbsp;et de documents seront \u00e0 votre disposition&nbsp;.Vos suggestions sont les&#8230;<\/p>\n","protected":false},"author":1,"featured_media":0,"parent":0,"menu_order":0,"comment_status":"closed","ping_status":"closed","template":"","meta":{"_kad_post_transparent":"enable","_kad_post_title":"show","_kad_post_layout":"default","_kad_post_sidebar_id":"","_kad_post_content_style":"","_kad_post_vertical_padding":"","_kad_post_feature":"","_kad_post_feature_position":"","_kad_post_header":false,"_kad_post_footer":false,"footnotes":""},"class_list":["post-2","page","type-page","status-publish","hentry"],"_links":{"self":[{"href":"https:\/\/www.rtihon.ovh\/fusion1\/index.php?rest_route=\/wp\/v2\/pages\/2","targetHints":{"allow":["GET"]}}],"collection":[{"href":"https:\/\/www.rtihon.ovh\/fusion1\/index.php?rest_route=\/wp\/v2\/pages"}],"about":[{"href":"https:\/\/www.rtihon.ovh\/fusion1\/index.php?rest_route=\/wp\/v2\/types\/page"}],"author":[{"embeddable":true,"href":"https:\/\/www.rtihon.ovh\/fusion1\/index.php?rest_route=\/wp\/v2\/users\/1"}],"replies":[{"embeddable":true,"href":"https:\/\/www.rtihon.ovh\/fusion1\/index.php?rest_route=%2Fwp%2Fv2%2Fcomments&post=2"}],"version-history":[{"count":15,"href":"https:\/\/www.rtihon.ovh\/fusion1\/index.php?rest_route=\/wp\/v2\/pages\/2\/revisions"}],"predecessor-version":[{"id":143,"href":"https:\/\/www.rtihon.ovh\/fusion1\/index.php?rest_route=\/wp\/v2\/pages\/2\/revisions\/143"}],"wp:attachment":[{"href":"https:\/\/www.rtihon.ovh\/fusion1\/index.php?rest_route=%2Fwp%2Fv2%2Fmedia&parent=2"}],"curies":[{"name":"wp","href":"https:\/\/api.w.org\/{rel}","templated":true}]}}